{"id":1666,"date":"2024-02-03T23:23:19","date_gmt":"2024-02-03T23:23:19","guid":{"rendered":"https:\/\/amishblue.cloudnine.com.do\/inicio2\/"},"modified":"2024-07-09T17:01:11","modified_gmt":"2024-07-09T17:01:11","slug":"inicio2","status":"publish","type":"page","link":"https:\/\/www.amishblue.com\/es\/","title":{"rendered":"Inicio"},"content":{"rendered":"<p>[et_pb_section fb_built=\u00bb1&#8243; custom_padding_last_edited=\u00bboff|tablet\u00bb disabled_on=\u00bbon|on|off\u00bb admin_label=\u00bbHeader\u00bb _builder_version=\u00bb4.24.2&#8243; use_background_color_gradient=\u00bbon\u00bb background_color_gradient_direction=\u00bb90deg\u00bb background_color_gradient_stops=\u00bbrgba(0,0,0,0.75) 0%|rgba(0,0,0,0) 100%\u00bb background_color_gradient_overlays_image=\u00bbon\u00bb background_color_gradient_start=\u00bbrgba(0,0,0,0.75)\u00bb background_color_gradient_end=\u00bbrgba(0,0,0,0)\u00bb background_image=\u00bbhttp:\/\/www.amishblue.com\/wp-content\/uploads\/2024\/03\/iStock-1133578266-1-scaled.jpg\u00bb min_height=\u00bb725.9px\u00bb custom_padding=\u00bb0px||0vw||false|false\u00bb custom_padding_tablet=\u00bb0px||12vw||false|false\u00bb custom_padding_phone=\u00bb0px||20vw||false|false\u00bb global_colors_info=\u00bb{}\u00bb][et_pb_row column_structure=\u00bb3_4,1_4&#8243; custom_padding_last_edited=\u00bbon|desktop\u00bb _builder_version=\u00bb4.24.0&#8243; max_width=\u00bb1180px\u00bb min_height=\u00bb607.1px\u00bb custom_margin=\u00bb|auto|122px|auto|false|false\u00bb custom_padding=\u00bb12vw|50px|0px|50px|false|true\u00bb custom_padding_tablet=\u00bb12vw||||false|true\u00bb custom_padding_phone=\u00bb20vw||||false|false\u00bb border_color_all=\u00bb#073b6b\u00bb border_width_left=\u00bb2px\u00bb global_colors_info=\u00bb{}\u00bb][et_pb_column type=\u00bb3_4&#8243; _builder_version=\u00bb4.16&#8243; global_colors_info=\u00bb{}\u00bb][et_pb_text _builder_version=\u00bb4.24.2&#8243; header_font=\u00bbOswald|500||on|||||\u00bb header_font_size=\u00bb133px\u00bb header_4_font=\u00bbMerriweather||||||||\u00bb header_4_text_color=\u00bb#e94558&#8243; header_4_font_size=\u00bb24px\u00bb background_layout=\u00bbdark\u00bb custom_margin=\u00bb-76px|-159px||||\u00bb hover_enabled=\u00bb0&#8243; header_font_size_tablet=\u00bb80px\u00bb header_font_size_phone=\u00bb40px\u00bb header_font_size_last_edited=\u00bbon|desktop\u00bb header_4_font_size_tablet=\u00bb20px\u00bb header_4_font_size_phone=\u00bb16px\u00bb header_4_font_size_last_edited=\u00bbon|phone\u00bb locked=\u00bboff\u00bb global_colors_info=\u00bb{}\u00bb sticky_enabled=\u00bb0&#8243;]<\/p>\n<h4><\/h4>\n<h1>Importadores de carne y marisco<\/h1>\n<p>[\/et_pb_text][\/et_pb_column][et_pb_column type=\u00bb1_4&#8243; _builder_version=\u00bb4.16&#8243; custom_padding=\u00bb12vw||||false|false\u00bb custom_padding_tablet=\u00bb0px||||false|false\u00bb custom_padding_phone=\u00bb\u00bb custom_padding_last_edited=\u00bbon|phone\u00bb global_colors_info=\u00bb{}\u00bb][et_pb_button button_url=\u00bbhttps:\/\/www.amishblue.com\/contact-us-2\/\u00bb button_text=\u00bbCont\u00e1ctenos\u00bb button_alignment=\u00bbright\u00bb _builder_version=\u00bb4.24.1&#8243; custom_button=\u00bbon\u00bb button_text_size=\u00bb16px\u00bb button_text_color=\u00bb#ffffff\u00bb button_bg_color=\u00bbrgba(255,255,255,0.1)\u00bb button_border_width=\u00bb0px\u00bb button_border_radius=\u00bb100px\u00bb button_font=\u00bbMerriweather||||||||\u00bb button_icon=\u00bb&#x33;||divi||400&#8243; button_icon_placement=\u00bbleft\u00bb button_on_hover=\u00bboff\u00bb custom_padding=\u00bb15px|30px|15px|40px|true|false\u00bb custom_padding_tablet=\u00bb12px|25px|12px|35px|true|false\u00bb custom_padding_phone=\u00bb\u00bb custom_padding_last_edited=\u00bbon|desktop\u00bb button_text_size_tablet=\u00bb14px\u00bb button_text_size_phone=\u00bb14px\u00bb button_text_size_last_edited=\u00bbon|phone\u00bb locked=\u00bboff\u00bb global_colors_info=\u00bb{}\u00bb button_bg_color__hover_enabled=\u00bbon|hover\u00bb button_bg_color__hover=\u00bb#ffffff\u00bb button_bg_enable_color__hover=\u00bbon\u00bb button_text_size__hover_enabled=\u00bboff|desktop\u00bb button_text_color__hover_enabled=\u00bbon|desktop\u00bb button_text_color__hover=\u00bb#000000&#8243;][\/et_pb_button][\/et_pb_column][\/et_pb_row][\/et_pb_section][et_pb_section fb_built=\u00bb1&#8243; custom_padding_last_edited=\u00bboff|tablet\u00bb disabled_on=\u00bboff|off|on\u00bb admin_label=\u00bbTelefono\u00bb _builder_version=\u00bb4.24.2&#8243; use_background_color_gradient=\u00bbon\u00bb background_color_gradient_direction=\u00bb90deg\u00bb background_color_gradient_stops=\u00bbrgba(0,0,0,0.75) 0%|rgba(0,0,0,0) 100%\u00bb background_color_gradient_overlays_image=\u00bbon\u00bb background_color_gradient_start=\u00bbrgba(0,0,0,0.75)\u00bb background_color_gradient_end=\u00bbrgba(0,0,0,0)\u00bb background_image=\u00bbhttp:\/\/www.amishblue.com\/wp-content\/uploads\/2024\/03\/iStock-1133578266-1-scaled.jpg\u00bb min_height=\u00bb725.9px\u00bb custom_margin=\u00bb||-154px|||\u00bb custom_padding=\u00bb0px||0vw||false|false\u00bb custom_padding_tablet=\u00bb0px||12vw||false|false\u00bb custom_padding_phone=\u00bb0px||20vw||false|false\u00bb global_colors_info=\u00bb{}\u00bb][et_pb_row column_structure=\u00bb3_4,1_4&#8243; custom_padding_last_edited=\u00bbon|desktop\u00bb _builder_version=\u00bb4.24.0&#8243; max_width=\u00bb1180px\u00bb min_height=\u00bb607.1px\u00bb custom_margin=\u00bb|auto|117px|auto|false|false\u00bb custom_padding=\u00bb12vw|50px|0px|50px|false|true\u00bb custom_padding_tablet=\u00bb12vw||||false|true\u00bb custom_padding_phone=\u00bb20vw||||false|false\u00bb border_color_all=\u00bb#073b6b\u00bb border_width_left=\u00bb2px\u00bb global_colors_info=\u00bb{}\u00bb][et_pb_column type=\u00bb3_4&#8243; _builder_version=\u00bb4.16&#8243; global_colors_info=\u00bb{}\u00bb][et_pb_text _builder_version=\u00bb4.24.2&#8243; header_font=\u00bbOswald|500||on|||||\u00bb header_font_size=\u00bb140px\u00bb header_4_font=\u00bbMerriweather||||||||\u00bb header_4_text_color=\u00bb#e94558&#8243; header_4_font_size=\u00bb24px\u00bb transform_scale=\u00bb125%|125%\u00bb transform_translate=\u00bb3px|91px\u00bb background_layout=\u00bbdark\u00bb custom_margin=\u00bb-50px|0px|||false|false\u00bb hover_enabled=\u00bb0&#8243; header_font_size_tablet=\u00bb80px\u00bb header_font_size_phone=\u00bb40px\u00bb header_font_size_last_edited=\u00bbon|desktop\u00bb header_4_font_size_tablet=\u00bb20px\u00bb header_4_font_size_phone=\u00bb16px\u00bb header_4_font_size_last_edited=\u00bbon|phone\u00bb locked=\u00bboff\u00bb global_colors_info=\u00bb{}\u00bb sticky_enabled=\u00bb0&#8243;]<\/p>\n<h4><\/h4>\n<p>&nbsp;<\/p>\n<h1>Importadores de carne y marisco<\/h1>\n<p>[\/et_pb_text][\/et_pb_column][et_pb_column type=\u00bb1_4&#8243; _builder_version=\u00bb4.16&#8243; custom_padding=\u00bb12vw||||false|false\u00bb custom_padding_tablet=\u00bb0px||||false|false\u00bb custom_padding_phone=\u00bb\u00bb custom_padding_last_edited=\u00bbon|phone\u00bb global_colors_info=\u00bb{}\u00bb][et_pb_button button_url=\u00bbhttps:\/\/www.amishblue.com\/contact-us-2\/\u00bb button_text=\u00bbCont\u00e1ctenos\u00bb button_alignment=\u00bbright\u00bb _builder_version=\u00bb4.24.1&#8243; custom_button=\u00bbon\u00bb button_text_size=\u00bb16px\u00bb button_text_color=\u00bb#ffffff\u00bb button_bg_color=\u00bbrgba(255,255,255,0.1)\u00bb button_border_width=\u00bb0px\u00bb button_border_radius=\u00bb100px\u00bb button_font=\u00bbMerriweather||||||||\u00bb button_icon=\u00bb&#x33;||divi||400&#8243; button_icon_placement=\u00bbleft\u00bb button_on_hover=\u00bboff\u00bb transform_scale=\u00bb105%|105%\u00bb transform_translate=\u00bb-33px|202px\u00bb custom_margin=\u00bb||-4px|||\u00bb custom_padding=\u00bb15px|30px|15px|40px|true|false\u00bb custom_padding_tablet=\u00bb12px|25px|12px|35px|true|false\u00bb custom_padding_phone=\u00bb\u00bb custom_padding_last_edited=\u00bbon|desktop\u00bb button_text_size_tablet=\u00bb14px\u00bb button_text_size_phone=\u00bb14px\u00bb button_text_size_last_edited=\u00bbon|phone\u00bb locked=\u00bboff\u00bb global_colors_info=\u00bb{}\u00bb button_bg_color__hover_enabled=\u00bbon|hover\u00bb button_bg_color__hover=\u00bb#ffffff\u00bb button_bg_enable_color__hover=\u00bbon\u00bb button_text_size__hover_enabled=\u00bboff|desktop\u00bb button_text_color__hover_enabled=\u00bbon|desktop\u00bb button_text_color__hover=\u00bb#000000&#8243;][\/et_pb_button][\/et_pb_column][\/et_pb_row][\/et_pb_section][et_pb_section fb_built=\u00bb1&#8243; admin_label=\u00bbAbout\u00bb _builder_version=\u00bb4.24.0&#8243; use_background_color_gradient=\u00bbon\u00bb background_color_gradient_direction=\u00bb90deg\u00bb background_color_gradient_stops=\u00bbrgba(201,201,201,0.79) 70%|#efefef 70%\u00bb background_color_gradient_overlays_image=\u00bbon\u00bb background_color_gradient_start=\u00bbrgba(201,201,201,0.79)\u00bb background_color_gradient_start_position=\u00bb70%\u00bb background_color_gradient_end=\u00bb#efefef\u00bb background_color_gradient_end_position=\u00bb0%\u00bb background_image=\u00bbhttps:\/\/www.amishblue.com\/wp-content\/uploads\/2024\/02\/seafood-restaurant-45.jpg\u00bb background_size=\u00bbcustom\u00bb custom_margin=\u00bb82px|||||\u00bb custom_padding=\u00bb0px|38px||||\u00bb global_colors_info=\u00bb{}\u00bb][et_pb_row column_structure=\u00bb1_2,1_2&#8243; use_custom_gutter=\u00bbon\u00bb gutter_width=\u00bb1&#8243; make_equal=\u00bbon\u00bb _builder_version=\u00bb4.24.0&#8243; z_index=\u00bb10&#8243; max_width=\u00bbnone\u00bb min_height=\u00bb705.4px\u00bb custom_margin=\u00bb-84px|auto||auto||\u00bb custom_padding=\u00bb0px||0px|||\u00bb box_shadow_style=\u00bbpreset4&#8243; box_shadow_horizontal=\u00bb30vw\u00bb box_shadow_vertical=\u00bb0px\u00bb box_shadow_color=\u00bb#1b1d20&#8243; locked=\u00bboff\u00bb global_colors_info=\u00bb{}\u00bb][et_pb_column type=\u00bb1_2&#8243; _builder_version=\u00bb4.16&#8243; global_colors_info=\u00bb{}\u00bb][\/et_pb_column][et_pb_column type=\u00bb1_2&#8243; _builder_version=\u00bb4.16&#8243; background_color=\u00bb#ffffff\u00bb custom_padding=\u00bb|30px|30px|30px|false|true\u00bb custom_padding_tablet=\u00bb\u00bb custom_padding_phone=\u00bb|20px|20px|20px|false|true\u00bb custom_padding_last_edited=\u00bbon|desktop\u00bb global_colors_info=\u00bb{}\u00bb][et_pb_text _builder_version=\u00bb4.24.2&#8243; text_font=\u00bbRoboto||||||||\u00bb header_3_font=\u00bbMerriweather||||||||\u00bb header_3_text_color=\u00bb#000000&#8243; header_3_font_size=\u00bb34px\u00bb header_3_line_height=\u00bb1.4em\u00bb max_width=\u00bb500px\u00bb custom_margin=\u00bb30px||||false|false\u00bb header_3_font_size_tablet=\u00bb20px\u00bb header_3_font_size_phone=\u00bb16px\u00bb header_3_font_size_last_edited=\u00bbon|phone\u00bb locked=\u00bboff\u00bb inline_fonts=\u00bbAlumni Sans,Oswald,Original Surfer\u00bb global_colors_info=\u00bb{}\u00bb]<\/p>\n<h3><span style=\"font-family: Oswald; font-weight: normal;\">Somos Amish Blue, una empresa dedicada con pasi\u00f3n a la importaci\u00f3n de carnes, aves, pescados y mariscos de la m\u00e1s alta calidad.<\/span><\/h3>\n<p><span style=\"font-family: inherit;\">Desde nuestros inicios, nos hemos comprometido a ofrecer a nuestros clientes productos frescos y cuidadosamente seleccionados de los mejores proveedores de todo el mundo. Con una trayectoria de casi una d\u00e9cada, estamos orgullosos de ser reconocidos por nuestra integridad empresarial, transparencia y dedicaci\u00f3n a ofrecer alimentos de primera calidad.<\/span><\/p>\n<p>[\/et_pb_text][et_pb_button button_text=\u00bbM\u00e1s informaci\u00f3n\u00bb button_alignment=\u00bbleft\u00bb _builder_version=\u00bb4.24.1&#8243; custom_button=\u00bbon\u00bb button_text_size=\u00bb16px\u00bb button_text_color=\u00bb#ffffff\u00bb button_bg_color=\u00bb#073b6b\u00bb button_border_width=\u00bb0px\u00bb button_border_radius=\u00bb100px\u00bb button_font=\u00bbMerriweather||||||||\u00bb button_icon=\u00bb&#x24;||divi||400&#8243; button_icon_placement=\u00bbleft\u00bb button_on_hover=\u00bboff\u00bb custom_margin=\u00bb44px||||false|false\u00bb custom_padding=\u00bb15px|30px|15px|40px|true|false\u00bb custom_padding_tablet=\u00bb12px|25px|12px|35px|true|false\u00bb custom_padding_phone=\u00bb\u00bb custom_padding_last_edited=\u00bbon|desktop\u00bb button_text_size_tablet=\u00bb14px\u00bb button_text_size_phone=\u00bb14px\u00bb button_text_size_last_edited=\u00bbon|phone\u00bb locked=\u00bboff\u00bb global_colors_info=\u00bb{}\u00bb button_bg_color__hover_enabled=\u00bboff|desktop\u00bb button_bg_color__hover=\u00bbrgba(233,69,88,0.2)\u00bb button_bg_enable_color__hover=\u00bbon\u00bb button_text_size__hover_enabled=\u00bboff|desktop\u00bb button_text_color__hover_enabled=\u00bboff|desktop\u00bb button_text_color__hover=\u00bb#e94558&#8243;][\/et_pb_button][\/et_pb_column][\/et_pb_row][\/et_pb_section][et_pb_section fb_built=\u00bb1&#8243; admin_label=\u00bbFeature\u00bb _builder_version=\u00bb4.24.0&#8243; background_color=\u00bb#efefef\u00bb use_background_color_gradient=\u00bbon\u00bb background_color_gradient_direction=\u00bb90deg\u00bb background_color_gradient_stops=\u00bb#efefef 50%|rgba(0,0,0,0) 50%\u00bb background_color_gradient_overlays_image=\u00bbon\u00bb background_color_gradient_start=\u00bb#efefef\u00bb background_color_gradient_start_position=\u00bb50%\u00bb background_color_gradient_end=\u00bbrgba(0,0,0,0)\u00bb background_color_gradient_end_position=\u00bb50%\u00bb background_enable_image=\u00bboff\u00bb background_last_edited=\u00bbon|phone\u00bb background_color_gradient_stops_tablet=\u00bb#efefef 80%|rgba(0,0,0,0) 80%\u00bb background_color_gradient_start_position_tablet=\u00bb80%\u00bb global_colors_info=\u00bb{}\u00bb][et_pb_row column_structure=\u00bb1_2,1_2&#8243; _builder_version=\u00bb4.24.0&#8243; global_colors_info=\u00bb{}\u00bb][et_pb_column type=\u00bb1_2&#8243; _builder_version=\u00bb4.16&#8243; global_colors_info=\u00bb{}\u00bb][et_pb_text _builder_version=\u00bb4.24.2&#8243; text_font=\u00bb|600|||||||\u00bb text_line_height=\u00bb1.8em\u00bb header_2_font=\u00bbOswald|500||on|||||\u00bb header_2_font_size=\u00bb80px\u00bb header_4_font=\u00bbMerriweather||||||||\u00bb header_4_text_color=\u00bb#e94558&#8243; header_4_line_height=\u00bb1.4em\u00bb width=\u00bb100%\u00bb max_width_tablet=\u00bb80%\u00bb max_width_phone=\u00bb\u00bb max_width_last_edited=\u00bbon|phone\u00bb custom_padding=\u00bb|0px||||\u00bb header_2_font_size_tablet=\u00bb60px\u00bb header_2_font_size_phone=\u00bb35px\u00bb header_2_font_size_last_edited=\u00bbon|phone\u00bb header_4_font_size_tablet=\u00bb20px\u00bb header_4_font_size_phone=\u00bb14px\u00bb header_4_font_size_last_edited=\u00bbon|phone\u00bb locked=\u00bboff\u00bb global_colors_info=\u00bb{}\u00bb]<\/p>\n<h4><span style=\"color: #333399;\">Nuestros clientes<\/span><\/h4>\n<h2>Le suplimos<\/h2>\n<p>Cada a\u00f1o suministramos m\u00e1s de 4 millones de libras a nuestra cartera de clientes que incluye cadenas hoteleras, supermercados, tiendas, restaurantes y distribuidores a nivel nacional, incluyendo los principales centros tur\u00edsticos; Miches, Punta Cana, Bayahibe, Juan Dolio, Saman\u00e1 y Puerto Plata.<\/p>\n<p>[\/et_pb_text][\/et_pb_column][et_pb_column type=\u00bb1_2&#8243; _builder_version=\u00bb4.24.0&#8243; _module_preset=\u00bbdefault\u00bb global_colors_info=\u00bb{}\u00bb][et_pb_gallery gallery_ids=\u00bb1815,1858,1860&#8243; fullwidth=\u00bbon\u00bb _builder_version=\u00bb4.24.0&#8243; _module_preset=\u00bbdefault\u00bb global_colors_info=\u00bb{}\u00bb][\/et_pb_gallery][\/et_pb_column][\/et_pb_row][\/et_pb_section][et_pb_section fb_built=\u00bb1&#8243; admin_label=\u00bbGallery\u00bb _builder_version=\u00bb4.24.0&#8243; background_enable_color=\u00bboff\u00bb custom_padding=\u00bb54px||54px||true|\u00bb locked=\u00bboff\u00bb global_colors_info=\u00bb{}\u00bb][et_pb_row _builder_version=\u00bb4.16&#8243; global_colors_info=\u00bb{}\u00bb][et_pb_column type=\u00bb4_4&#8243; _builder_version=\u00bb4.16&#8243; global_colors_info=\u00bb{}\u00bb][et_pb_text _builder_version=\u00bb4.24.0&#8243; text_font=\u00bb|600|||||||\u00bb text_line_height=\u00bb1.8em\u00bb header_2_font=\u00bbOswald|500||on|||||\u00bb header_2_font_size=\u00bb80px\u00bb header_4_font=\u00bbMerriweather||||||||\u00bb header_4_text_color=\u00bb#e94558&#8243; header_4_line_height=\u00bb1.4em\u00bb max_width_tablet=\u00bb80%\u00bb max_width_phone=\u00bb\u00bb max_width_last_edited=\u00bbon|phone\u00bb header_2_font_size_tablet=\u00bb60px\u00bb header_2_font_size_phone=\u00bb35px\u00bb header_2_font_size_last_edited=\u00bbon|phone\u00bb header_4_font_size_tablet=\u00bb20px\u00bb header_4_font_size_phone=\u00bb14px\u00bb header_4_font_size_last_edited=\u00bbon|phone\u00bb locked=\u00bboff\u00bb global_colors_info=\u00bb{}\u00bb]<\/p>\n<h4 style=\"text-align: center;\"><span style=\"color: #000080;\">Nuestros productos<\/span><\/h4>\n<h2 style=\"text-align: center;\">Carnes y mariscos importados<\/h2>\n<p>[\/et_pb_text][\/et_pb_column][\/et_pb_row][et_pb_row column_structure=\u00bb1_3,1_3,1_3&#8243; _builder_version=\u00bb4.24.0&#8243; global_colors_info=\u00bb{}\u00bb][et_pb_column type=\u00bb1_3&#8243; _builder_version=\u00bb4.16&#8243; global_colors_info=\u00bb{}\u00bb][et_pb_image src=\u00bbhttps:\/\/www.amishblue.com\/wp-content\/uploads\/2024\/02\/carnes-2.jpg\u00bb title_text=\u00bbcarnes (2)\u00bb url=\u00bbhttps:\/\/www.amishblue.com\/beef\/\u00bb use_overlay=\u00bbon\u00bb hover_overlay_color=\u00bb#073b6b\u00bb _builder_version=\u00bb4.24.0&#8243; locked=\u00bboff\u00bb global_colors_info=\u00bb{}\u00bb][\/et_pb_image][\/et_pb_column][et_pb_column type=\u00bb1_3&#8243; _builder_version=\u00bb4.24.0&#8243; _module_preset=\u00bbdefault\u00bb global_colors_info=\u00bb{}\u00bb][et_pb_image src=\u00bbhttps:\/\/www.amishblue.com\/wp-content\/uploads\/2024\/02\/lamb-1.jpg\u00bb title_text=\u00bbcordero (1)\u00bb url=\u00bbhttps:\/\/www.amishblue.com\/lamb\/\u00bb use_overlay=\u00bbon\u00bb hover_overlay_color=\u00bb#073b6b\u00bb _builder_version=\u00bb4.24.0&#8243; locked=\u00bboff\u00bb global_colors_info=\u00bb{}\u00bb][\/et_pb_image][\/et_pb_column][et_pb_column type=\u00bb1_3&#8243; _builder_version=\u00bb4.16&#8243; global_colors_info=\u00bb{}\u00bb][et_pb_image src=\u00bbhttps:\/\/www.amishblue.com\/wp-content\/uploads\/2024\/02\/cerdo-1-5.jpg\u00bb title_text=\u00bbcerdo (1) (5)\u00bb url=\u00bbhttps:\/\/www.amishblue.com\/pork\/\u00bb use_overlay=\u00bbon\u00bb hover_overlay_color=\u00bb#073b6b\u00bb _builder_version=\u00bb4.24.0&#8243; locked=\u00bboff\u00bb global_colors_info=\u00bb{}\u00bb][\/et_pb_image][\/et_pb_column][\/et_pb_row][et_pb_row column_structure=\u00bb1_3,1_3,1_3&#8243; _builder_version=\u00bb4.24.0&#8243; global_colors_info=\u00bb{}\u00bb][et_pb_column type=\u00bb1_3&#8243; _builder_version=\u00bb4.16&#8243; global_colors_info=\u00bb{}\u00bb][et_pb_image src=\u00bbhttps:\/\/www.amishblue.com\/wp-content\/uploads\/2024\/02\/aves-1.jpg\u00bb title_text=\u00bbaves (1)\u00bb url=\u00bbhttps:\/\/www.amishblue.com\/poultry\/\u00bb use_overlay=\u00bbon\u00bb hover_overlay_color=\u00bb#073b6b\u00bb _builder_version=\u00bb4.24.0&#8243; locked=\u00bboff\u00bb global_colors_info=\u00bb{}\u00bb][\/et_pb_image][\/et_pb_column][et_pb_column type=\u00bb1_3&#8243; _builder_version=\u00bb4.24.0&#8243; _module_preset=\u00bbdefault\u00bb global_colors_info=\u00bb{}\u00bb][et_pb_image src=\u00bbhttps:\/\/www.amishblue.com\/wp-content\/uploads\/2024\/02\/IMG_8308-1-1.jpg\u00bb title_text=\u00bbIMG_8308 (1) (1)\u00bb url=\u00bbhttps:\/\/www.amishblue.com\/seafood\/\u00bb use_overlay=\u00bbon\u00bb hover_overlay_color=\u00bb#073b6b\u00bb _builder_version=\u00bb4.24.0&#8243; locked=\u00bboff\u00bb global_colors_info=\u00bb{}\u00bb][\/et_pb_image][\/et_pb_column][et_pb_column type=\u00bb1_3&#8243; _builder_version=\u00bb4.16&#8243; global_colors_info=\u00bb{}\u00bb][et_pb_image src=\u00bbhttps:\/\/www.amishblue.com\/wp-content\/uploads\/2024\/02\/langosta-1.jpg\u00bb title_text=\u00bblangosta (1)\u00bb url=\u00bbhttps:\/\/www.amishblue.com\/seafood\/\u00bb use_overlay=\u00bbon\u00bb hover_overlay_color=\u00bb#073b6b\u00bb _builder_version=\u00bb4.24.0&#8243; locked=\u00bboff\u00bb global_colors_info=\u00bb{}\u00bb][\/et_pb_image][\/et_pb_column][\/et_pb_row][\/et_pb_section][et_pb_section fb_built=\u00bb1&#8243; admin_label=\u00bbFooter\u00bb _builder_version=\u00bb4.24.0&#8243; use_background_color_gradient=\u00bbon\u00bb background_color_gradient_direction=\u00bb64deg\u00bb background_color_gradient_stops=\u00bbrgba(0,0,0,0.7) 24%|rgba(0,0,0,0) 100%\u00bb background_color_gradient_overlays_image=\u00bbon\u00bb background_color_gradient_start=\u00bbrgba(0,0,0,0.7)\u00bb background_color_gradient_start_position=\u00bb24%\u00bb background_color_gradient_end=\u00bbrgba(0,0,0,0)\u00bb background_image=\u00bbhttps:\/\/www.amishblue.com\/wp-content\/uploads\/2024\/02\/IMG_8308-1.jpg\u00bb min_height=\u00bb544.7px\u00bb custom_margin=\u00bb-30px||0px|||\u00bb custom_padding=\u00bb0px||50px||false|false\u00bb global_module=\u00bb1904&#8243; saved_tabs=\u00bball\u00bb locked=\u00bboff\u00bb global_colors_info=\u00bb{}\u00bb][et_pb_row column_structure=\u00bb3_5,2_5&#8243; _builder_version=\u00bb4.16&#8243; custom_margin=\u00bb30px||30px||true|false\u00bb custom_padding=\u00bb||||false|false\u00bb locked=\u00bboff\u00bb global_colors_info=\u00bb{}\u00bb][et_pb_column type=\u00bb3_5&#8243; _builder_version=\u00bb4.16&#8243; global_colors_info=\u00bb{}\u00bb][et_pb_text _builder_version=\u00bb4.24.0&#8243; header_2_font=\u00bbOswald|500||on|||||\u00bb header_2_font_size=\u00bb60px\u00bb header_2_line_height=\u00bb1.2em\u00bb background_layout=\u00bbdark\u00bb header_2_font_size_tablet=\u00bb40px\u00bb header_2_font_size_phone=\u00bb25px\u00bb header_2_font_size_last_edited=\u00bbon|phone\u00bb locked=\u00bboff\u00bb global_colors_info=\u00bb{}\u00bb]<\/p>\n<h2>Noticias e informaci\u00f3n<\/h2>\n<p>[\/et_pb_text][et_pb_divider color=\u00bbRGBA(255,255,255,0)\u00bb divider_weight=\u00bb100px\u00bb _builder_version=\u00bb4.24.0&#8243; _module_preset=\u00bbdefault\u00bb global_colors_info=\u00bb{}\u00bb][\/et_pb_divider][et_pb_signup mailchimp_list=\u00bbelegantthemestest|1ea2bbd026&#8243; layout=\u00bbtop_bottom\u00bb name_field=\u00bbon\u00bb _builder_version=\u00bb4.24.0&#8243; form_field_background_color=\u00bb#ffffff\u00bb form_field_text_color=\u00bb#828282&#8243; form_field_focus_text_color=\u00bb#000000&#8243; form_field_font=\u00bbMerriweather||||||||\u00bb use_background_color=\u00bboff\u00bb custom_button=\u00bbon\u00bb button_text_size=\u00bb16px\u00bb button_text_color=\u00bb#ffffff\u00bb button_bg_color=\u00bb#053d6f\u00bb button_border_width=\u00bb0px\u00bb button_border_radius=\u00bb100px\u00bb button_font=\u00bbMerriweather||||||||\u00bb button_icon_placement=\u00bbleft\u00bb button_on_hover=\u00bboff\u00bb button_custom_margin=\u00bb||||false|false\u00bb button_custom_padding=\u00bb15px|30px|15px|40px|true|false\u00bb button_custom_padding_tablet=\u00bb12px|25px|12px|35px|true|false\u00bb button_custom_padding_phone=\u00bb\u00bb button_custom_padding_last_edited=\u00bbon|desktop\u00bb max_width=\u00bb600px\u00bb module_alignment=\u00bbcenter\u00bb button_text_size_tablet=\u00bb14px\u00bb button_text_size_phone=\u00bb14px\u00bb button_text_size_last_edited=\u00bbon|phone\u00bb border_radii_fields=\u00bbon|0px|0px|0px|0px\u00bb locked=\u00bboff\u00bb global_colors_info=\u00bb{}\u00bb button_text_color__hover=\u00bb#e94558&#8243; button_text_color__hover_enabled=\u00bboff|desktop\u00bb button_bg_color__hover=\u00bbrgba(233,69,88,0.2)\u00bb button_bg_color__hover_enabled=\u00bboff|desktop\u00bb form_field_focus_background_color__hover_enabled=\u00bboff|desktop\u00bb][\/et_pb_signup][et_pb_text _builder_version=\u00bb4.16&#8243; header_font=\u00bbOswald|500||on|||||\u00bb header_font_size=\u00bb140px\u00bb header_4_font=\u00bbMerriweather||||||||\u00bb header_4_text_color=\u00bb#e94558&#8243; header_4_font_size=\u00bb24px\u00bb text_orientation=\u00bbcenter\u00bb header_font_size_tablet=\u00bb80px\u00bb header_font_size_phone=\u00bb40px\u00bb header_font_size_last_edited=\u00bbon|desktop\u00bb header_4_font_size_tablet=\u00bb20px\u00bb header_4_font_size_phone=\u00bb16px\u00bb header_4_font_size_last_edited=\u00bbon|phone\u00bb locked=\u00bboff\u00bb global_colors_info=\u00bb{}\u00bb][\/et_pb_text][\/et_pb_column][et_pb_column type=\u00bb2_5&#8243; _builder_version=\u00bb4.16&#8243; global_colors_info=\u00bb{}\u00bb][et_pb_post_slider include_categories=\u00bball\u00bb _builder_version=\u00bb4.24.2&#8243; _module_preset=\u00bbdefault\u00bb background_layout=\u00bblight\u00bb global_colors_info=\u00bb{}\u00bb][\/et_pb_post_slider][\/et_pb_column][\/et_pb_row][\/et_pb_section]<\/p>\n","protected":false},"excerpt":{"rendered":"<p>Importadores de carne y marisco &nbsp; Importadores de carne y mariscoSomos Amish Blue, una empresa dedicada con pasi\u00f3n a la importaci\u00f3n de carnes, aves, pescados y mariscos de la m\u00e1s alta calidad. Desde nuestros inicios, nos hemos comprometido a ofrecer a nuestros clientes productos frescos y cuidadosamente seleccionados de los mejores proveedores de todo el [&hellip;]<\/p>\n","protected":false},"author":2,"featured_media":0,"parent":0,"menu_order":0,"comment_status":"closed","ping_status":"closed","template":"","meta":{"_et_pb_use_builder":"on","_et_pb_old_content":"","_et_gb_content_width":"","footnotes":""},"class_list":["post-1666","page","type-page","status-publish","hentry"],"_links":{"self":[{"href":"https:\/\/www.amishblue.com\/es\/wp-json\/wp\/v2\/pages\/1666","targetHints":{"allow":["GET"]}}],"collection":[{"href":"https:\/\/www.amishblue.com\/es\/wp-json\/wp\/v2\/pages"}],"about":[{"href":"https:\/\/www.amishblue.com\/es\/wp-json\/wp\/v2\/types\/page"}],"author":[{"embeddable":true,"href":"https:\/\/www.amishblue.com\/es\/wp-json\/wp\/v2\/users\/2"}],"replies":[{"embeddable":true,"href":"https:\/\/www.amishblue.com\/es\/wp-json\/wp\/v2\/comments?post=1666"}],"version-history":[{"count":134,"href":"https:\/\/www.amishblue.com\/es\/wp-json\/wp\/v2\/pages\/1666\/revisions"}],"predecessor-version":[{"id":2615,"href":"https:\/\/www.amishblue.com\/es\/wp-json\/wp\/v2\/pages\/1666\/revisions\/2615"}],"wp:attachment":[{"href":"https:\/\/www.amishblue.com\/es\/wp-json\/wp\/v2\/media?parent=1666"}],"curies":[{"name":"wp","href":"https:\/\/api.w.org\/{rel}","templated":true}]}}